{"id":6420,"date":"2021-12-14T16:57:20","date_gmt":"2021-12-14T16:57:20","guid":{"rendered":"https:\/\/comapedrosaandorra.com\/?page_id=6420"},"modified":"2021-12-14T16:57:20","modified_gmt":"2021-12-14T16:57:20","slug":"photo-gallery","status":"publish","type":"page","link":"https:\/\/comapedrosaandorra.com\/en\/photo-gallery\/","title":{"rendered":"Photo gallery"},"content":{"rendered":"\t\t<div data-elementor-type=\"wp-page\" data-elementor-id=\"6420\" class=\"elementor elementor-6420 elementor-5571\">\n\t\t\t\t\t\t\t\t\t<section class=\"elementor-section elementor-top-section elementor-element elementor-element-e3ced3f elementor-section-boxed elementor-section-height-default elementor-section-height-default\" data-id=\"e3ced3f\" data-element_type=\"section\">\n\t\t\t\t\t\t<div class=\"elementor-container elementor-column-gap-default\">\n\t\t\t\t\t<div class=\"elementor-column elementor-col-100 elementor-top-column elementor-element elementor-element-9e25221\" data-id=\"9e25221\" data-element_type=\"column\">\n\t\t\t<div class=\"elementor-widget-wrap elementor-element-populated\">\n\t\t\t\t\t\t\t\t<section class=\"elementor-section elementor-inner-section elementor-element elementor-element-2f3c545 elementor-section-boxed elementor-section-height-default elementor-section-height-default\" data-id=\"2f3c545\" data-element_type=\"section\">\n\t\t\t\t\t\t<div class=\"elementor-container elementor-column-gap-default\">\n\t\t\t\t\t<div class=\"elementor-column elementor-col-50 elementor-inner-column elementor-element elementor-element-d3fcdde\" data-id=\"d3fcdde\" data-element_type=\"column\">\n\t\t\t<div class=\"elementor-widget-wrap elementor-element-populated\">\n\t\t\t\t\t\t\t\t<div class=\"elementor-element elementor-element-8a1ff45 elementor-widget elementor-widget-text-editor\" data-id=\"8a1ff45\" data-element_type=\"widget\" data-widget_type=\"text-editor.default\">\n\t\t\t\t<div class=\"elementor-widget-container\">\n\t\t\t<style>\/*! elementor - v3.13.3 - 28-05-2023 *\/\n.elementor-widget-text-editor.elementor-drop-cap-view-stacked .elementor-drop-cap{background-color:#69727d;color:#fff}.elementor-widget-text-editor.elementor-drop-cap-view-framed .elementor-drop-cap{color:#69727d;border:3px solid;background-color:transparent}.elementor-widget-text-editor:not(.elementor-drop-cap-view-default) .elementor-drop-cap{margin-top:8px}.elementor-widget-text-editor:not(.elementor-drop-cap-view-default) .elementor-drop-cap-letter{width:1em;height:1em}.elementor-widget-text-editor .elementor-drop-cap{float:left;text-align:center;line-height:1;font-size:50px}.elementor-widget-text-editor .elementor-drop-cap-letter{display:inline-block}<\/style>\t\t\t\t<p>La Copa del M\u00f3n ens ha deixat moments \u00fanics i inoblidables a Andorra. Pots recordar alguns dels millors? Comapedrosa Andorra World Cup et brinda l\u2019oportunitat de fer-ho a trav\u00e9s de la nostra galeria d\u2019imatges, on recollim els millors moments que es van viure en les anteriors edicions de la Copa del M\u00f3n a Andorra. En aquesta p\u00e0gina trobar\u00e0s un recull d\u2019imatges de Font Blanca 2017, 2018 i 2019, dividides entre Individual Race i Vertical Race perqu\u00e8 puguis trobar exactament la fotografia que busques o simplement gaudeixis de les instant\u00e0nies de la Copa del M\u00f3n sabent en tot moment a quina prova pertanyen.<\/p>\t\t\t\t\t\t<\/div>\n\t\t\t\t<\/div>\n\t\t\t\t\t<\/div>\n\t\t<\/div>\n\t\t\t\t<div class=\"elementor-column elementor-col-50 elementor-inner-column elementor-element elementor-element-6e0775b\" data-id=\"6e0775b\" data-element_type=\"column\">\n\t\t\t<div class=\"elementor-widget-wrap elementor-element-populated\">\n\t\t\t\t\t\t\t\t<div class=\"elementor-element elementor-element-e245c79 elementor-widget elementor-widget-text-editor\" data-id=\"e245c79\" data-element_type=\"widget\" data-widget_type=\"text-editor.default\">\n\t\t\t\t<div class=\"elementor-widget-container\">\n\t\t\t\t\t\t\t<p>De la mateixa forma, les imatges de les proves de l\u2019edici\u00f3 d\u2019enguany tamb\u00e9 estaran disponibles en aquesta p\u00e0gina despr\u00e9s de les proves. Volem que visquis la Comapedrosa Andorra World Cup de la manera m\u00e9s intensa possible, de forma que puguis recordar els millors moments i viure l\u2019emoci\u00f3 de l\u2019etapa andorrana de la Copa del M\u00f3n quan vulguis, tant si has tingut l\u2019oportunitat de viure les curses en directe com si has hagut de seguir-les a trav\u00e9s de les xarxes socials. El nostre comprom\u00eds \u00e9s oferir una Copa del M\u00f3n per a tots, on la informaci\u00f3, les imatges i la m\u00e0gia de l\u2019esport de muntanya no quedin reservades nom\u00e9s per a les persones que tinguin la sort d\u2019estar prop de l\u2019ambient de la competici\u00f3.\u00a0<\/p>\t\t\t\t\t\t<\/div>\n\t\t\t\t<\/div>\n\t\t\t\t\t<\/div>\n\t\t<\/div>\n\t\t\t\t\t\t\t<\/div>\n\t\t<\/section>\n\t\t\t\t<section class=\"elementor-section elementor-inner-section elementor-element elementor-element-b4e721a elementor-section-boxed elementor-section-height-default elementor-section-height-default\" data-id=\"b4e721a\" data-element_type=\"section\">\n\t\t\t\t\t\t<div class=\"elementor-container elementor-column-gap-default\">\n\t\t\t\t\t<div class=\"elementor-column elementor-col-100 elementor-inner-column elementor-element elementor-element-fa494e9\" data-id=\"fa494e9\" data-element_type=\"column\">\n\t\t\t<div class=\"elementor-widget-wrap elementor-element-populated\">\n\t\t\t\t\t\t\t\t<div class=\"elementor-element elementor-element-cedb050 elementor-widget elementor-widget-text-editor\" data-id=\"cedb050\" data-element_type=\"widget\" data-widget_type=\"text-editor.default\">\n\t\t\t\t<div class=\"elementor-widget-container\">\n\t\t\t\t\t\t\t<p>D\u00f3na una ullada als moments m\u00e9s especials de les passades edicions de la Copa del M\u00f3n a Andorra i recorda com \u00e9s viure l\u2019espectacle de la Copa del M\u00f3n. Repassa els guanyadors de les edicions de 2017, 2018 i 2019 i torna a veure\u2019ls triomfar en terres andorranes. Transporta\u2019t a les pistes i sent la passi\u00f3 per la neu i l\u2019esport amb nosaltres. Queda\u2019t a la nostra galeria d\u2019imatges i viu Comapedrosa Andorra World Cup.\u00a0<\/p>\t\t\t\t\t\t<\/div>\n\t\t\t\t<\/div>\n\t\t\t\t\t<\/div>\n\t\t<\/div>\n\t\t\t\t\t\t\t<\/div>\n\t\t<\/section>\n\t\t\t\t\t<\/div>\n\t\t<\/div>\n\t\t\t\t\t\t\t<\/div>\n\t\t<\/section>\n\t\t\t\t<section class=\"elementor-section elementor-top-section elementor-element elementor-element-516da8c elementor-section-boxed elementor-section-height-default elementor-section-height-default\" data-id=\"516da8c\" data-element_type=\"section\">\n\t\t\t\t\t\t\t<div class=\"elementor-background-overlay\"><\/div>\n\t\t\t\t\t\t\t<div class=\"elementor-container elementor-column-gap-default\">\n\t\t\t\t\t<div class=\"elementor-column elementor-col-100 elementor-top-column elementor-element elementor-element-dccd0a3\" data-id=\"dccd0a3\" data-element_type=\"column\">\n\t\t\t<div class=\"elementor-widget-wrap elementor-element-populated\">\n\t\t\t\t\t\t\t\t<div class=\"elementor-element elementor-element-adc1224 elementor-widget elementor-widget-heading\" data-id=\"adc1224\" data-element_type=\"widget\" data-widget_type=\"heading.default\">\n\t\t\t\t<div class=\"elementor-widget-container\">\n\t\t\t<style>\/*! elementor - v3.13.3 - 28-05-2023 *\/\n.elementor-heading-title{padding:0;margin:0;line-height:1}.elementor-widget-heading .elementor-heading-title[class*=elementor-size-]>a{color:inherit;font-size:inherit;line-height:inherit}.elementor-widget-heading .elementor-heading-title.elementor-size-small{font-size:15px}.elementor-widget-heading .elementor-heading-title.elementor-size-medium{font-size:19px}.elementor-widget-heading .elementor-heading-title.elementor-size-large{font-size:29px}.elementor-widget-heading .elementor-heading-title.elementor-size-xl{font-size:39px}.elementor-widget-heading .elementor-heading-title.elementor-size-xxl{font-size:59px}<\/style><h2 class=\"elementor-heading-title elementor-size-default\">Comapedrosa Andorra 2021<\/h2>\t\t<\/div>\n\t\t\t\t<\/div>\n\t\t\t\t<div class=\"elementor-element elementor-element-49b1d67 elementor-widget elementor-widget-spacer\" data-id=\"49b1d67\" data-element_type=\"widget\" data-widget_type=\"spacer.default\">\n\t\t\t\t<div class=\"elementor-widget-container\">\n\t\t\t<style>\/*! elementor - v3.13.3 - 28-05-2023 *\/\n.elementor-column .elementor-spacer-inner{height:var(--spacer-size)}.e-con{--container-widget-width:100%}.e-con-inner>.elementor-widget-spacer,.e-con>.elementor-widget-spacer{width:var(--container-widget-width,var(--spacer-size));--align-self:var(--container-widget-align-self,initial);--flex-shrink:0}.e-con-inner>.elementor-widget-spacer>.elementor-widget-container,.e-con-inner>.elementor-widget-spacer>.elementor-widget-container>.elementor-spacer,.e-con>.elementor-widget-spacer>.elementor-widget-container,.e-con>.elementor-widget-spacer>.elementor-widget-container>.elementor-spacer{height:100%}.e-con-inner>.elementor-widget-spacer>.elementor-widget-container>.elementor-spacer>.elementor-spacer-inner,.e-con>.elementor-widget-spacer>.elementor-widget-container>.elementor-spacer>.elementor-spacer-inner{height:var(--container-widget-height,var(--spacer-size))}<\/style>\t\t<div class=\"elementor-spacer\">\n\t\t\t<div class=\"elementor-spacer-inner\"><\/div>\n\t\t<\/div>\n\t\t\t\t<\/div>\n\t\t\t\t<\/div>\n\t\t\t\t<section class=\"elementor-section elementor-inner-section elementor-element elementor-element-801b3ac elementor-section-boxed elementor-section-height-default elementor-section-height-default\" data-id=\"801b3ac\" data-element_type=\"section\">\n\t\t\t\t\t\t<div class=\"elementor-container elementor-column-gap-default\">\n\t\t\t\t\t<div class=\"elementor-column elementor-col-50 elementor-inner-column elementor-element elementor-element-e4c7c65\" data-id=\"e4c7c65\" data-element_type=\"column\">\n\t\t\t<div class=\"elementor-widget-wrap elementor-element-populated\">\n\t\t\t\t\t\t\t\t<div class=\"elementor-element elementor-element-aa08759 elementor-align-center elementor-widget elementor-widget-button\" data-id=\"aa08759\" data-element_type=\"widget\" data-widget_type=\"button.default\">\n\t\t\t\t<div class=\"elementor-widget-container\">\n\t\t\t\t\t<div class=\"elementor-button-wrapper\">\n\t\t\t<a href=\"https:\/\/flic.kr\/s\/aHsmVr6gaN\" class=\"elementor-button-link elementor-button elementor-size-sm\" role=\"button\">\n\t\t\t\t\t\t<span class=\"elementor-button-content-wrapper\">\n\t\t\t\t\t\t<span class=\"elementor-button-text\">SPRINT RACE<\/span>\n\t\t<\/span>\n\t\t\t\t\t<\/a>\n\t\t<\/div>\n\t\t\t\t<\/div>\n\t\t\t\t<\/div>\n\t\t\t\t<div class=\"elementor-element elementor-element-b21dcdf elementor-align-center elementor-widget elementor-widget-button\" data-id=\"b21dcdf\" data-element_type=\"widget\" data-widget_type=\"button.default\">\n\t\t\t\t<div class=\"elementor-widget-container\">\n\t\t\t\t\t<div class=\"elementor-button-wrapper\">\n\t\t\t<a href=\"https:\/\/flic.kr\/s\/aHsmVr6FHR\" class=\"elementor-button-link elementor-button elementor-size-sm\" role=\"button\">\n\t\t\t\t\t\t<span class=\"elementor-button-content-wrapper\">\n\t\t\t\t\t\t<span class=\"elementor-button-text\">VERTICAL RACE<\/span>\n\t\t<\/span>\n\t\t\t\t\t<\/a>\n\t\t<\/div>\n\t\t\t\t<\/div>\n\t\t\t\t<\/div>\n\t\t\t\t\t<\/div>\n\t\t<\/div>\n\t\t\t\t<div class=\"elementor-column elementor-col-50 elementor-inner-column elementor-element elementor-element-b903ff4\" data-id=\"b903ff4\" data-element_type=\"column\">\n\t\t\t<div class=\"elementor-widget-wrap elementor-element-populated\">\n\t\t\t\t\t\t\t\t<div class=\"elementor-element elementor-element-11ce1c3 elementor-align-center elementor-widget elementor-widget-button\" data-id=\"11ce1c3\" data-element_type=\"widget\" data-widget_type=\"button.default\">\n\t\t\t\t<div class=\"elementor-widget-container\">\n\t\t\t\t\t<div class=\"elementor-button-wrapper\">\n\t\t\t<a href=\"https:\/\/flic.kr\/s\/aHsmVr6wk7\" class=\"elementor-button-link elementor-button elementor-size-sm\" role=\"button\">\n\t\t\t\t\t\t<span class=\"elementor-button-content-wrapper\">\n\t\t\t\t\t\t<span class=\"elementor-button-text\">RELAY RACE<\/span>\n\t\t<\/span>\n\t\t\t\t\t<\/a>\n\t\t<\/div>\n\t\t\t\t<\/div>\n\t\t\t\t<\/div>\n\t\t\t\t<div class=\"elementor-element elementor-element-521bd1f elementor-align-center elementor-widget elementor-widget-button\" data-id=\"521bd1f\" data-element_type=\"widget\" data-widget_type=\"button.default\">\n\t\t\t\t<div class=\"elementor-widget-container\">\n\t\t\t\t\t<div class=\"elementor-button-wrapper\">\n\t\t\t<a href=\"https:\/\/flic.kr\/s\/aHsmVquuJf\" class=\"elementor-button-link elementor-button elementor-size-sm\" role=\"button\">\n\t\t\t\t\t\t<span class=\"elementor-button-content-wrapper\">\n\t\t\t\t\t\t<span class=\"elementor-button-text\">INDIVIDUAL RACE<\/span>\n\t\t<\/span>\n\t\t\t\t\t<\/a>\n\t\t<\/div>\n\t\t\t\t<\/div>\n\t\t\t\t<\/div>\n\t\t\t\t\t<\/div>\n\t\t<\/div>\n\t\t\t\t\t\t\t<\/div>\n\t\t<\/section>\n\t\t\t\t\t<\/div>\n\t\t<\/div>\n\t\t\t\t\t\t\t<\/div>\n\t\t<\/section>\n\t\t\t\t<section class=\"elementor-section elementor-top-section elementor-element elementor-element-ba7851f elementor-section-boxed elementor-section-height-default elementor-section-height-default\" data-id=\"ba7851f\" data-element_type=\"section\">\n\t\t\t\t\t\t<div class=\"elementor-container elementor-column-gap-default\">\n\t\t\t\t\t<div class=\"elementor-column elementor-col-100 elementor-top-column elementor-element elementor-element-881e994\" data-id=\"881e994\" data-element_type=\"column\">\n\t\t\t<div class=\"elementor-widget-wrap elementor-element-populated\">\n\t\t\t\t\t\t\t\t<div class=\"elementor-element elementor-element-5ecd8fa elementor-widget elementor-widget-heading\" data-id=\"5ecd8fa\" data-element_type=\"widget\" data-widget_type=\"heading.default\">\n\t\t\t\t<div class=\"elementor-widget-container\">\n\t\t\t<h2 class=\"elementor-heading-title elementor-size-default\">Comapedrosa Andorra 2020<\/h2>\t\t<\/div>\n\t\t\t\t<\/div>\n\t\t\t\t<div class=\"elementor-element elementor-element-9ab7424 elementor-widget elementor-widget-spacer\" data-id=\"9ab7424\" data-element_type=\"widget\" data-widget_type=\"spacer.default\">\n\t\t\t\t<div class=\"elementor-widget-container\">\n\t\t\t\t\t<div class=\"elementor-spacer\">\n\t\t\t<div class=\"elementor-spacer-inner\"><\/div>\n\t\t<\/div>\n\t\t\t\t<\/div>\n\t\t\t\t<\/div>\n\t\t\t\t<section class=\"elementor-section elementor-inner-section elementor-element elementor-element-5fc775e elementor-section-boxed elementor-section-height-default elementor-section-height-default\" data-id=\"5fc775e\" data-element_type=\"section\">\n\t\t\t\t\t\t<div class=\"elementor-container elementor-column-gap-default\">\n\t\t\t\t\t<div class=\"elementor-column elementor-col-50 elementor-inner-column elementor-element elementor-element-bd83fce\" data-id=\"bd83fce\" data-element_type=\"column\">\n\t\t\t<div class=\"elementor-widget-wrap elementor-element-populated\">\n\t\t\t\t\t\t\t\t<div class=\"elementor-element elementor-element-f0be168 elementor-align-center elementor-widget elementor-widget-button\" data-id=\"f0be168\" data-element_type=\"widget\" data-widget_type=\"button.default\">\n\t\t\t\t<div class=\"elementor-widget-container\">\n\t\t\t\t\t<div class=\"elementor-button-wrapper\">\n\t\t\t<a href=\"https:\/\/www.facebook.com\/media\/set\/?vanity=comapedrosaworldcup&#038;set=a.2710205425753661\" class=\"elementor-button-link elementor-button elementor-size-sm\" role=\"button\">\n\t\t\t\t\t\t<span class=\"elementor-button-content-wrapper\">\n\t\t\t\t\t\t<span class=\"elementor-button-text\">VERTICAL RACE<\/span>\n\t\t<\/span>\n\t\t\t\t\t<\/a>\n\t\t<\/div>\n\t\t\t\t<\/div>\n\t\t\t\t<\/div>\n\t\t\t\t\t<\/div>\n\t\t<\/div>\n\t\t\t\t<div class=\"elementor-column elementor-col-50 elementor-inner-column elementor-element elementor-element-828b2ef\" data-id=\"828b2ef\" data-element_type=\"column\">\n\t\t\t<div class=\"elementor-widget-wrap elementor-element-populated\">\n\t\t\t\t\t\t\t\t<div class=\"elementor-element elementor-element-33b72b1 elementor-align-center elementor-widget elementor-widget-button\" data-id=\"33b72b1\" data-element_type=\"widget\" data-widget_type=\"button.default\">\n\t\t\t\t<div class=\"elementor-widget-container\">\n\t\t\t\t\t<div class=\"elementor-button-wrapper\">\n\t\t\t<a href=\"https:\/\/www.facebook.com\/media\/set\/?vanity=comapedrosaworldcup&#038;set=a.2708095652631305\" class=\"elementor-button-link elementor-button elementor-size-sm\" role=\"button\">\n\t\t\t\t\t\t<span class=\"elementor-button-content-wrapper\">\n\t\t\t\t\t\t<span class=\"elementor-button-text\">INDIVIDUAL RACE<\/span>\n\t\t<\/span>\n\t\t\t\t\t<\/a>\n\t\t<\/div>\n\t\t\t\t<\/div>\n\t\t\t\t<\/div>\n\t\t\t\t\t<\/div>\n\t\t<\/div>\n\t\t\t\t\t\t\t<\/div>\n\t\t<\/section>\n\t\t\t\t\t<\/div>\n\t\t<\/div>\n\t\t\t\t\t\t\t<\/div>\n\t\t<\/section>\n\t\t\t\t\t\t\t<\/div>\n\t\t","protected":false},"excerpt":{"rendered":"","protected":false},"author":2,"featured_media":0,"parent":0,"menu_order":0,"comment_status":"closed","ping_status":"closed","template":"","meta":{"footnotes":""},"class_list":["post-6420","page","type-page","status-publish","hentry"],"yoast_head":"<!-- This site is optimized with the Yoast SEO plugin v26.4 - https:\/\/yoast.com\/wordpress\/plugins\/seo\/ -->\n<title>Photo gallery - Comapedrosa Andorra<\/title>\n<meta name=\"robots\" content=\"index, follow, max-snippet:-1, max-image-preview:large, max-video-preview:-1\" \/>\n<link rel=\"canonical\" href=\"https:\/\/comapedrosaandorra.com\/galeria-de-fotos\/\" \/>\n<meta property=\"og:locale\" content=\"en_US\" \/>\n<meta property=\"og:type\" content=\"article\" \/>\n<meta property=\"og:title\" content=\"Photo gallery - Comapedrosa Andorra\" \/>\n<meta property=\"og:url\" content=\"https:\/\/comapedrosaandorra.com\/galeria-de-fotos\/\" \/>\n<meta property=\"og:site_name\" content=\"Comapedrosa Andorra\" \/>\n<meta name=\"twitter:card\" content=\"summary_large_image\" \/>\n<script type=\"application\/ld+json\" class=\"yoast-schema-graph\">{\"@context\":\"https:\/\/schema.org\",\"@graph\":[{\"@type\":\"WebPage\",\"@id\":\"https:\/\/comapedrosaandorra.com\/galeria-de-fotos\/\",\"url\":\"https:\/\/comapedrosaandorra.com\/galeria-de-fotos\/\",\"name\":\"Photo gallery - Comapedrosa Andorra\",\"isPartOf\":{\"@id\":\"https:\/\/comapedrosaandorra.com\/#website\"},\"datePublished\":\"2021-12-14T16:57:20+00:00\",\"breadcrumb\":{\"@id\":\"https:\/\/comapedrosaandorra.com\/galeria-de-fotos\/#breadcrumb\"},\"inLanguage\":\"en-US\",\"potentialAction\":[{\"@type\":\"ReadAction\",\"target\":[\"https:\/\/comapedrosaandorra.com\/galeria-de-fotos\/\"]}]},{\"@type\":\"BreadcrumbList\",\"@id\":\"https:\/\/comapedrosaandorra.com\/galeria-de-fotos\/#breadcrumb\",\"itemListElement\":[{\"@type\":\"ListItem\",\"position\":1,\"name\":\"Inici\",\"item\":\"https:\/\/comapedrosaandorra.com\/\"},{\"@type\":\"ListItem\",\"position\":2,\"name\":\"Photo gallery\"}]},{\"@type\":\"WebSite\",\"@id\":\"https:\/\/comapedrosaandorra.com\/#website\",\"url\":\"https:\/\/comapedrosaandorra.com\/\",\"name\":\"Comapedrosa Andorra\",\"description\":\"Copa del M\u00f3n d&#039;Esqu\u00ed de Muntanya Andorra\",\"publisher\":{\"@id\":\"https:\/\/comapedrosaandorra.com\/#organization\"},\"potentialAction\":[{\"@type\":\"SearchAction\",\"target\":{\"@type\":\"EntryPoint\",\"urlTemplate\":\"https:\/\/comapedrosaandorra.com\/?s={search_term_string}\"},\"query-input\":{\"@type\":\"PropertyValueSpecification\",\"valueRequired\":true,\"valueName\":\"search_term_string\"}}],\"inLanguage\":\"en-US\"},{\"@type\":\"Organization\",\"@id\":\"https:\/\/comapedrosaandorra.com\/#organization\",\"name\":\"Comapedrosa Andorra\",\"url\":\"https:\/\/comapedrosaandorra.com\/\",\"logo\":{\"@type\":\"ImageObject\",\"inLanguage\":\"en-US\",\"@id\":\"https:\/\/comapedrosaandorra.com\/#\/schema\/logo\/image\/\",\"url\":\"https:\/\/comapedrosaandorra.com\/wp-content\/uploads\/2021\/10\/cropped-Logo_ComapedrosaAndorraISMF.jpg\",\"contentUrl\":\"https:\/\/comapedrosaandorra.com\/wp-content\/uploads\/2021\/10\/cropped-Logo_ComapedrosaAndorraISMF.jpg\",\"width\":2256,\"height\":647,\"caption\":\"Comapedrosa Andorra\"},\"image\":{\"@id\":\"https:\/\/comapedrosaandorra.com\/#\/schema\/logo\/image\/\"}}]}<\/script>\n<!-- \/ Yoast SEO plugin. -->","yoast_head_json":{"title":"Photo gallery - Comapedrosa Andorra","robots":{"index":"index","follow":"follow","max-snippet":"max-snippet:-1","max-image-preview":"max-image-preview:large","max-video-preview":"max-video-preview:-1"},"canonical":"https:\/\/comapedrosaandorra.com\/galeria-de-fotos\/","og_locale":"en_US","og_type":"article","og_title":"Photo gallery - Comapedrosa Andorra","og_url":"https:\/\/comapedrosaandorra.com\/galeria-de-fotos\/","og_site_name":"Comapedrosa Andorra","twitter_card":"summary_large_image","schema":{"@context":"https:\/\/schema.org","@graph":[{"@type":"WebPage","@id":"https:\/\/comapedrosaandorra.com\/galeria-de-fotos\/","url":"https:\/\/comapedrosaandorra.com\/galeria-de-fotos\/","name":"Photo gallery - Comapedrosa Andorra","isPartOf":{"@id":"https:\/\/comapedrosaandorra.com\/#website"},"datePublished":"2021-12-14T16:57:20+00:00","breadcrumb":{"@id":"https:\/\/comapedrosaandorra.com\/galeria-de-fotos\/#breadcrumb"},"inLanguage":"en-US","potentialAction":[{"@type":"ReadAction","target":["https:\/\/comapedrosaandorra.com\/galeria-de-fotos\/"]}]},{"@type":"BreadcrumbList","@id":"https:\/\/comapedrosaandorra.com\/galeria-de-fotos\/#breadcrumb","itemListElement":[{"@type":"ListItem","position":1,"name":"Inici","item":"https:\/\/comapedrosaandorra.com\/"},{"@type":"ListItem","position":2,"name":"Photo gallery"}]},{"@type":"WebSite","@id":"https:\/\/comapedrosaandorra.com\/#website","url":"https:\/\/comapedrosaandorra.com\/","name":"Comapedrosa Andorra","description":"Copa del M\u00f3n d&#039;Esqu\u00ed de Muntanya Andorra","publisher":{"@id":"https:\/\/comapedrosaandorra.com\/#organization"},"potentialAction":[{"@type":"SearchAction","target":{"@type":"EntryPoint","urlTemplate":"https:\/\/comapedrosaandorra.com\/?s={search_term_string}"},"query-input":{"@type":"PropertyValueSpecification","valueRequired":true,"valueName":"search_term_string"}}],"inLanguage":"en-US"},{"@type":"Organization","@id":"https:\/\/comapedrosaandorra.com\/#organization","name":"Comapedrosa Andorra","url":"https:\/\/comapedrosaandorra.com\/","logo":{"@type":"ImageObject","inLanguage":"en-US","@id":"https:\/\/comapedrosaandorra.com\/#\/schema\/logo\/image\/","url":"https:\/\/comapedrosaandorra.com\/wp-content\/uploads\/2021\/10\/cropped-Logo_ComapedrosaAndorraISMF.jpg","contentUrl":"https:\/\/comapedrosaandorra.com\/wp-content\/uploads\/2021\/10\/cropped-Logo_ComapedrosaAndorraISMF.jpg","width":2256,"height":647,"caption":"Comapedrosa Andorra"},"image":{"@id":"https:\/\/comapedrosaandorra.com\/#\/schema\/logo\/image\/"}}]}},"_links":{"self":[{"href":"https:\/\/comapedrosaandorra.com\/en\/wp-json\/wp\/v2\/pages\/6420","targetHints":{"allow":["GET"]}}],"collection":[{"href":"https:\/\/comapedrosaandorra.com\/en\/wp-json\/wp\/v2\/pages"}],"about":[{"href":"https:\/\/comapedrosaandorra.com\/en\/wp-json\/wp\/v2\/types\/page"}],"author":[{"embeddable":true,"href":"https:\/\/comapedrosaandorra.com\/en\/wp-json\/wp\/v2\/users\/2"}],"replies":[{"embeddable":true,"href":"https:\/\/comapedrosaandorra.com\/en\/wp-json\/wp\/v2\/comments?post=6420"}],"version-history":[{"count":0,"href":"https:\/\/comapedrosaandorra.com\/en\/wp-json\/wp\/v2\/pages\/6420\/revisions"}],"wp:attachment":[{"href":"https:\/\/comapedrosaandorra.com\/en\/wp-json\/wp\/v2\/media?parent=6420"}],"curies":[{"name":"wp","href":"https:\/\/api.w.org\/{rel}","templated":true}]}}