{"id":37596,"date":"2025-12-31T08:50:51","date_gmt":"2025-12-31T08:50:51","guid":{"rendered":"https:\/\/comapedrosaandorra.com\/allotjaments\/"},"modified":"2026-01-07T11:13:16","modified_gmt":"2026-01-07T11:13:16","slug":"booking","status":"publish","type":"page","link":"https:\/\/comapedrosaandorra.com\/en\/booking\/","title":{"rendered":"Booking"},"content":{"rendered":"\t\t<div data-elementor-type=\"wp-page\" data-elementor-id=\"37596\" class=\"elementor elementor-37596 elementor-37320\">\n\t\t\t\t\t\t\t\t\t<section class=\"elementor-section elementor-top-section elementor-element elementor-element-a90dd4c elementor-section-full_width elementor-section-height-default elementor-section-height-default\" data-id=\"a90dd4c\" data-element_type=\"section\" data-settings=\"{&quot;background_background&quot;:&quot;classic&quot;}\">\n\t\t\t\t\t\t<div class=\"elementor-container elementor-column-gap-default\">\n\t\t\t\t\t<div class=\"elementor-column elementor-col-100 elementor-top-column elementor-element elementor-element-159ea32\" data-id=\"159ea32\" data-element_type=\"column\" data-settings=\"{&quot;background_background&quot;:&quot;slideshow&quot;,&quot;background_slideshow_gallery&quot;:[{&quot;id&quot;:37322,&quot;url&quot;:&quot;https:\\\/\\\/comapedrosaandorra.com\\\/wp-content\\\/uploads\\\/2025\\\/12\\\/Comapedrosa-Andorra.jpg&quot;}],&quot;background_slideshow_loop&quot;:&quot;yes&quot;,&quot;background_slideshow_slide_duration&quot;:5000,&quot;background_slideshow_slide_transition&quot;:&quot;fade&quot;,&quot;background_slideshow_transition_duration&quot;:500}\">\n\t\t\t<div class=\"elementor-widget-wrap elementor-element-populated\">\n\t\t\t\t\t\t\t\t<div class=\"elementor-element elementor-element-02cd515 elementor-widget elementor-widget-spacer\" data-id=\"02cd515\" data-element_type=\"widget\" data-widget_type=\"spacer.default\">\n\t\t\t\t<div class=\"elementor-widget-container\">\n\t\t\t<style>\/*! elementor - v3.13.3 - 28-05-2023 *\/\n.elementor-column .elementor-spacer-inner{height:var(--spacer-size)}.e-con{--container-widget-width:100%}.e-con-inner>.elementor-widget-spacer,.e-con>.elementor-widget-spacer{width:var(--container-widget-width,var(--spacer-size));--align-self:var(--container-widget-align-self,initial);--flex-shrink:0}.e-con-inner>.elementor-widget-spacer>.elementor-widget-container,.e-con-inner>.elementor-widget-spacer>.elementor-widget-container>.elementor-spacer,.e-con>.elementor-widget-spacer>.elementor-widget-container,.e-con>.elementor-widget-spacer>.elementor-widget-container>.elementor-spacer{height:100%}.e-con-inner>.elementor-widget-spacer>.elementor-widget-container>.elementor-spacer>.elementor-spacer-inner,.e-con>.elementor-widget-spacer>.elementor-widget-container>.elementor-spacer>.elementor-spacer-inner{height:var(--container-widget-height,var(--spacer-size))}<\/style>\t\t<div class=\"elementor-spacer\">\n\t\t\t<div class=\"elementor-spacer-inner\"><\/div>\n\t\t<\/div>\n\t\t\t\t<\/div>\n\t\t\t\t<\/div>\n\t\t\t\t<div class=\"elementor-element elementor-element-45dc0f5 elementor-widget elementor-widget-heading\" data-id=\"45dc0f5\" data-element_type=\"widget\" data-widget_type=\"heading.default\">\n\t\t\t\t<div class=\"elementor-widget-container\">\n\t\t\t<style>\/*! elementor - v3.13.3 - 28-05-2023 *\/\n.elementor-heading-title{padding:0;margin:0;line-height:1}.elementor-widget-heading .elementor-heading-title[class*=elementor-size-]>a{color:inherit;font-size:inherit;line-height:inherit}.elementor-widget-heading .elementor-heading-title.elementor-size-small{font-size:15px}.elementor-widget-heading .elementor-heading-title.elementor-size-medium{font-size:19px}.elementor-widget-heading .elementor-heading-title.elementor-size-large{font-size:29px}.elementor-widget-heading .elementor-heading-title.elementor-size-xl{font-size:39px}.elementor-widget-heading .elementor-heading-title.elementor-size-xxl{font-size:59px}<\/style><h1 class=\"elementor-heading-title elementor-size-default\">BOOKING<\/h1>\t\t<\/div>\n\t\t\t\t<\/div>\n\t\t\t\t<div class=\"elementor-element elementor-element-026ed3b elementor-widget elementor-widget-spacer\" data-id=\"026ed3b\" data-element_type=\"widget\" data-widget_type=\"spacer.default\">\n\t\t\t\t<div class=\"elementor-widget-container\">\n\t\t\t\t\t<div class=\"elementor-spacer\">\n\t\t\t<div class=\"elementor-spacer-inner\"><\/div>\n\t\t<\/div>\n\t\t\t\t<\/div>\n\t\t\t\t<\/div>\n\t\t\t\t\t<\/div>\n\t\t<\/div>\n\t\t\t\t\t\t\t<\/div>\n\t\t<\/section>\n\t\t\t\t<section class=\"elementor-section elementor-top-section elementor-element elementor-element-119362c elementor-section-boxed elementor-section-height-default elementor-section-height-default\" data-id=\"119362c\" data-element_type=\"section\">\n\t\t\t\t\t\t<div class=\"elementor-container elementor-column-gap-default\">\n\t\t\t\t\t<div class=\"elementor-column elementor-col-100 elementor-top-column elementor-element elementor-element-61d13e1\" data-id=\"61d13e1\" data-element_type=\"column\">\n\t\t\t<div class=\"elementor-widget-wrap elementor-element-populated\">\n\t\t\t\t\t\t\t\t<section class=\"elementor-section elementor-inner-section elementor-element elementor-element-3647aa8 elementor-section-boxed elementor-section-height-default elementor-section-height-default\" data-id=\"3647aa8\" data-element_type=\"section\" data-settings=\"{&quot;background_background&quot;:&quot;classic&quot;}\">\n\t\t\t\t\t\t<div class=\"elementor-container elementor-column-gap-wider\">\n\t\t\t\t\t<div class=\"elementor-column elementor-col-66 elementor-inner-column elementor-element elementor-element-f7b68c1\" data-id=\"f7b68c1\" data-element_type=\"column\">\n\t\t\t<div class=\"elementor-widget-wrap elementor-element-populated\">\n\t\t\t\t\t\t\t\t<div class=\"elementor-element elementor-element-12fc943 elementor-widget elementor-widget-text-editor\" data-id=\"12fc943\" data-element_type=\"widget\" data-widget_type=\"text-editor.default\">\n\t\t\t\t<div class=\"elementor-widget-container\">\n\t\t\t<style>\/*! elementor - v3.13.3 - 28-05-2023 *\/\n.elementor-widget-text-editor.elementor-drop-cap-view-stacked .elementor-drop-cap{background-color:#69727d;color:#fff}.elementor-widget-text-editor.elementor-drop-cap-view-framed .elementor-drop-cap{color:#69727d;border:3px solid;background-color:transparent}.elementor-widget-text-editor:not(.elementor-drop-cap-view-default) .elementor-drop-cap{margin-top:8px}.elementor-widget-text-editor:not(.elementor-drop-cap-view-default) .elementor-drop-cap-letter{width:1em;height:1em}.elementor-widget-text-editor .elementor-drop-cap{float:left;text-align:center;line-height:1;font-size:50px}.elementor-widget-text-editor .elementor-drop-cap-letter{display:inline-block}<\/style>\t\t\t\t<p data-start=\"0\" data-end=\"143\">If you do not have accommodation to attend Comapedrosa Andorra as a runner, we can help you manage your reservation for the dates you indicate.<\/p><p data-start=\"145\" data-end=\"286\">Our team has a list of partner accommodations located in La Massana and\/or Arinsal, designed to make your stay during the competition easier.<\/p><p data-start=\"288\" data-end=\"380\" data-is-last-node=\"\" data-is-only-node=\"\">If you have specific needs or cannot find the option you are looking for, please contact us.<\/p>\t\t\t\t\t\t<\/div>\n\t\t\t\t<\/div>\n\t\t\t\t\t<\/div>\n\t\t<\/div>\n\t\t\t\t<div class=\"elementor-column elementor-col-33 elementor-inner-column elementor-element elementor-element-0cbddab\" data-id=\"0cbddab\" data-element_type=\"column\" data-settings=\"{&quot;background_background&quot;:&quot;classic&quot;}\">\n\t\t\t<div class=\"elementor-widget-wrap elementor-element-populated\">\n\t\t\t\t\t\t\t\t<div class=\"elementor-element elementor-element-f7eb39b elementor-align-center elementor-widget elementor-widget-button\" data-id=\"f7eb39b\" data-element_type=\"widget\" data-widget_type=\"button.default\">\n\t\t\t\t<div class=\"elementor-widget-container\">\n\t\t\t\t\t<div class=\"elementor-button-wrapper\">\n\t\t\t<a href=\"https:\/\/booking.grandvalira.com\/en\/b2b-information-request.html\" target=\"_blank\" class=\"elementor-button-link elementor-button elementor-size-lg\" role=\"button\">\n\t\t\t\t\t\t<span class=\"elementor-button-content-wrapper\">\n\t\t\t\t\t\t<span class=\"elementor-button-text\">CONTACT US<\/span>\n\t\t<\/span>\n\t\t\t\t\t<\/a>\n\t\t<\/div>\n\t\t\t\t<\/div>\n\t\t\t\t<\/div>\n\t\t\t\t\t<\/div>\n\t\t<\/div>\n\t\t\t\t\t\t\t<\/div>\n\t\t<\/section>\n\t\t\t\t\t<\/div>\n\t\t<\/div>\n\t\t\t\t\t\t\t<\/div>\n\t\t<\/section>\n\t\t\t\t\t\t\t<\/div>\n\t\t","protected":false},"excerpt":{"rendered":"<p>BOOKING If you do not have accommodation to attend Comapedrosa Andorra as a runner, we can help you manage your reservation for the dates you indicate. Our team has a list of partner accommodations located in La Massana and\/or Arinsal, designed to make your stay during the competition easier. If you have specific needs or [&hellip;]<\/p>\n","protected":false},"author":2,"featured_media":0,"parent":0,"menu_order":0,"comment_status":"closed","ping_status":"closed","template":"","meta":{"footnotes":""},"class_list":["post-37596","page","type-page","status-publish","hentry"],"yoast_head":"<!-- This site is optimized with the Yoast SEO plugin v26.4 - https:\/\/yoast.com\/wordpress\/plugins\/seo\/ -->\n<title>Booking - Comapedrosa Andorra<\/title>\n<meta name=\"description\" content=\"Contacta amb la Comapedrosa Andorra. Tota la informaci\u00f3 que necessites de la Copa del M\u00f3n d&#039;Esqu\u00ed de Muntanya ISMF.\" \/>\n<meta name=\"robots\" content=\"index, follow, max-snippet:-1, max-image-preview:large, max-video-preview:-1\" \/>\n<link rel=\"canonical\" href=\"https:\/\/comapedrosaandorra.com\/en\/booking\/\" \/>\n<meta property=\"og:locale\" content=\"en_US\" \/>\n<meta property=\"og:type\" content=\"article\" \/>\n<meta property=\"og:title\" content=\"Booking - Comapedrosa Andorra\" \/>\n<meta property=\"og:description\" content=\"Contacta amb la Comapedrosa Andorra. Tota la informaci\u00f3 que necessites de la Copa del M\u00f3n d&#039;Esqu\u00ed de Muntanya ISMF.\" \/>\n<meta property=\"og:url\" content=\"https:\/\/comapedrosaandorra.com\/en\/booking\/\" \/>\n<meta property=\"og:site_name\" content=\"Comapedrosa Andorra\" \/>\n<meta property=\"article:modified_time\" content=\"2026-01-07T11:13:16+00:00\" \/>\n<meta name=\"twitter:card\" content=\"summary_large_image\" \/>\n<meta name=\"twitter:label1\" content=\"Est. reading time\" \/>\n\t<meta name=\"twitter:data1\" content=\"1 minute\" \/>\n<script type=\"application\/ld+json\" class=\"yoast-schema-graph\">{\"@context\":\"https:\/\/schema.org\",\"@graph\":[{\"@type\":\"WebPage\",\"@id\":\"https:\/\/comapedrosaandorra.com\/en\/booking\/\",\"url\":\"https:\/\/comapedrosaandorra.com\/en\/booking\/\",\"name\":\"Booking - Comapedrosa Andorra\",\"isPartOf\":{\"@id\":\"https:\/\/comapedrosaandorra.com\/#website\"},\"datePublished\":\"2025-12-31T08:50:51+00:00\",\"dateModified\":\"2026-01-07T11:13:16+00:00\",\"description\":\"Contacta amb la Comapedrosa Andorra. Tota la informaci\u00f3 que necessites de la Copa del M\u00f3n d'Esqu\u00ed de Muntanya ISMF.\",\"breadcrumb\":{\"@id\":\"https:\/\/comapedrosaandorra.com\/en\/booking\/#breadcrumb\"},\"inLanguage\":\"en-US\",\"potentialAction\":[{\"@type\":\"ReadAction\",\"target\":[\"https:\/\/comapedrosaandorra.com\/en\/booking\/\"]}]},{\"@type\":\"BreadcrumbList\",\"@id\":\"https:\/\/comapedrosaandorra.com\/en\/booking\/#breadcrumb\",\"itemListElement\":[{\"@type\":\"ListItem\",\"position\":1,\"name\":\"Inici\",\"item\":\"https:\/\/comapedrosaandorra.com\/\"},{\"@type\":\"ListItem\",\"position\":2,\"name\":\"Booking\"}]},{\"@type\":\"WebSite\",\"@id\":\"https:\/\/comapedrosaandorra.com\/#website\",\"url\":\"https:\/\/comapedrosaandorra.com\/\",\"name\":\"Comapedrosa Andorra\",\"description\":\"Copa del M\u00f3n d&#039;Esqu\u00ed de Muntanya Andorra\",\"publisher\":{\"@id\":\"https:\/\/comapedrosaandorra.com\/#organization\"},\"potentialAction\":[{\"@type\":\"SearchAction\",\"target\":{\"@type\":\"EntryPoint\",\"urlTemplate\":\"https:\/\/comapedrosaandorra.com\/?s={search_term_string}\"},\"query-input\":{\"@type\":\"PropertyValueSpecification\",\"valueRequired\":true,\"valueName\":\"search_term_string\"}}],\"inLanguage\":\"en-US\"},{\"@type\":\"Organization\",\"@id\":\"https:\/\/comapedrosaandorra.com\/#organization\",\"name\":\"Comapedrosa Andorra\",\"url\":\"https:\/\/comapedrosaandorra.com\/\",\"logo\":{\"@type\":\"ImageObject\",\"inLanguage\":\"en-US\",\"@id\":\"https:\/\/comapedrosaandorra.com\/#\/schema\/logo\/image\/\",\"url\":\"https:\/\/comapedrosaandorra.com\/wp-content\/uploads\/2021\/10\/cropped-Logo_ComapedrosaAndorraISMF.jpg\",\"contentUrl\":\"https:\/\/comapedrosaandorra.com\/wp-content\/uploads\/2021\/10\/cropped-Logo_ComapedrosaAndorraISMF.jpg\",\"width\":2256,\"height\":647,\"caption\":\"Comapedrosa Andorra\"},\"image\":{\"@id\":\"https:\/\/comapedrosaandorra.com\/#\/schema\/logo\/image\/\"}}]}<\/script>\n<!-- \/ Yoast SEO plugin. -->","yoast_head_json":{"title":"Booking - Comapedrosa Andorra","description":"Contacta amb la Comapedrosa Andorra. Tota la informaci\u00f3 que necessites de la Copa del M\u00f3n d'Esqu\u00ed de Muntanya ISMF.","robots":{"index":"index","follow":"follow","max-snippet":"max-snippet:-1","max-image-preview":"max-image-preview:large","max-video-preview":"max-video-preview:-1"},"canonical":"https:\/\/comapedrosaandorra.com\/en\/booking\/","og_locale":"en_US","og_type":"article","og_title":"Booking - Comapedrosa Andorra","og_description":"Contacta amb la Comapedrosa Andorra. Tota la informaci\u00f3 que necessites de la Copa del M\u00f3n d'Esqu\u00ed de Muntanya ISMF.","og_url":"https:\/\/comapedrosaandorra.com\/en\/booking\/","og_site_name":"Comapedrosa Andorra","article_modified_time":"2026-01-07T11:13:16+00:00","twitter_card":"summary_large_image","twitter_misc":{"Est. reading time":"1 minute"},"schema":{"@context":"https:\/\/schema.org","@graph":[{"@type":"WebPage","@id":"https:\/\/comapedrosaandorra.com\/en\/booking\/","url":"https:\/\/comapedrosaandorra.com\/en\/booking\/","name":"Booking - Comapedrosa Andorra","isPartOf":{"@id":"https:\/\/comapedrosaandorra.com\/#website"},"datePublished":"2025-12-31T08:50:51+00:00","dateModified":"2026-01-07T11:13:16+00:00","description":"Contacta amb la Comapedrosa Andorra. Tota la informaci\u00f3 que necessites de la Copa del M\u00f3n d'Esqu\u00ed de Muntanya ISMF.","breadcrumb":{"@id":"https:\/\/comapedrosaandorra.com\/en\/booking\/#breadcrumb"},"inLanguage":"en-US","potentialAction":[{"@type":"ReadAction","target":["https:\/\/comapedrosaandorra.com\/en\/booking\/"]}]},{"@type":"BreadcrumbList","@id":"https:\/\/comapedrosaandorra.com\/en\/booking\/#breadcrumb","itemListElement":[{"@type":"ListItem","position":1,"name":"Inici","item":"https:\/\/comapedrosaandorra.com\/"},{"@type":"ListItem","position":2,"name":"Booking"}]},{"@type":"WebSite","@id":"https:\/\/comapedrosaandorra.com\/#website","url":"https:\/\/comapedrosaandorra.com\/","name":"Comapedrosa Andorra","description":"Copa del M\u00f3n d&#039;Esqu\u00ed de Muntanya Andorra","publisher":{"@id":"https:\/\/comapedrosaandorra.com\/#organization"},"potentialAction":[{"@type":"SearchAction","target":{"@type":"EntryPoint","urlTemplate":"https:\/\/comapedrosaandorra.com\/?s={search_term_string}"},"query-input":{"@type":"PropertyValueSpecification","valueRequired":true,"valueName":"search_term_string"}}],"inLanguage":"en-US"},{"@type":"Organization","@id":"https:\/\/comapedrosaandorra.com\/#organization","name":"Comapedrosa Andorra","url":"https:\/\/comapedrosaandorra.com\/","logo":{"@type":"ImageObject","inLanguage":"en-US","@id":"https:\/\/comapedrosaandorra.com\/#\/schema\/logo\/image\/","url":"https:\/\/comapedrosaandorra.com\/wp-content\/uploads\/2021\/10\/cropped-Logo_ComapedrosaAndorraISMF.jpg","contentUrl":"https:\/\/comapedrosaandorra.com\/wp-content\/uploads\/2021\/10\/cropped-Logo_ComapedrosaAndorraISMF.jpg","width":2256,"height":647,"caption":"Comapedrosa Andorra"},"image":{"@id":"https:\/\/comapedrosaandorra.com\/#\/schema\/logo\/image\/"}}]}},"_links":{"self":[{"href":"https:\/\/comapedrosaandorra.com\/en\/wp-json\/wp\/v2\/pages\/37596","targetHints":{"allow":["GET"]}}],"collection":[{"href":"https:\/\/comapedrosaandorra.com\/en\/wp-json\/wp\/v2\/pages"}],"about":[{"href":"https:\/\/comapedrosaandorra.com\/en\/wp-json\/wp\/v2\/types\/page"}],"author":[{"embeddable":true,"href":"https:\/\/comapedrosaandorra.com\/en\/wp-json\/wp\/v2\/users\/2"}],"replies":[{"embeddable":true,"href":"https:\/\/comapedrosaandorra.com\/en\/wp-json\/wp\/v2\/comments?post=37596"}],"version-history":[{"count":8,"href":"https:\/\/comapedrosaandorra.com\/en\/wp-json\/wp\/v2\/pages\/37596\/revisions"}],"predecessor-version":[{"id":37605,"href":"https:\/\/comapedrosaandorra.com\/en\/wp-json\/wp\/v2\/pages\/37596\/revisions\/37605"}],"wp:attachment":[{"href":"https:\/\/comapedrosaandorra.com\/en\/wp-json\/wp\/v2\/media?parent=37596"}],"curies":[{"name":"wp","href":"https:\/\/api.w.org\/{rel}","templated":true}]}}