{"id":10318,"date":"2022-12-27T11:19:12","date_gmt":"2022-12-27T11:19:12","guid":{"rendered":"https:\/\/comapedrosaandorra.com\/recorregut-open-vertical\/"},"modified":"2022-12-27T11:19:12","modified_gmt":"2022-12-27T11:19:12","slug":"recorregut-open-vertical","status":"publish","type":"page","link":"https:\/\/comapedrosaandorra.com\/en\/recorregut-open-vertical\/","title":{"rendered":"Recorregut Open Vertical"},"content":{"rendered":"\t\t<div data-elementor-type=\"wp-page\" data-elementor-id=\"10318\" class=\"elementor elementor-10318 elementor-10312\">\n\t\t\t\t\t\t\t\t\t<section class=\"elementor-section elementor-top-section elementor-element elementor-element-0b547cc elementor-section-full_width elementor-section-height-default elementor-section-height-default\" data-id=\"0b547cc\" data-element_type=\"section\">\n\t\t\t\t\t\t<div class=\"elementor-container elementor-column-gap-default\">\n\t\t\t\t\t<div class=\"elementor-column elementor-col-100 elementor-top-column elementor-element elementor-element-f41972c\" data-id=\"f41972c\" data-element_type=\"column\">\n\t\t\t<div class=\"elementor-widget-wrap elementor-element-populated\">\n\t\t\t\t\t\t\t\t<section class=\"elementor-section elementor-inner-section elementor-element elementor-element-c00e41c elementor-section-boxed elementor-section-height-default elementor-section-height-default\" data-id=\"c00e41c\" data-element_type=\"section\">\n\t\t\t\t\t\t<div class=\"elementor-container elementor-column-gap-default\">\n\t\t\t\t\t<div class=\"elementor-column elementor-col-100 elementor-inner-column elementor-element elementor-element-0941867\" data-id=\"0941867\" data-element_type=\"column\">\n\t\t\t<div class=\"elementor-widget-wrap elementor-element-populated\">\n\t\t\t\t\t\t\t\t<div class=\"elementor-element elementor-element-5634ebf elementor-widget elementor-widget-text-editor\" data-id=\"5634ebf\" data-element_type=\"widget\" data-widget_type=\"text-editor.default\">\n\t\t\t\t<div class=\"elementor-widget-container\">\n\t\t\t<style>\/*! elementor - v3.13.3 - 28-05-2023 *\/\n.elementor-widget-text-editor.elementor-drop-cap-view-stacked .elementor-drop-cap{background-color:#69727d;color:#fff}.elementor-widget-text-editor.elementor-drop-cap-view-framed .elementor-drop-cap{color:#69727d;border:3px solid;background-color:transparent}.elementor-widget-text-editor:not(.elementor-drop-cap-view-default) .elementor-drop-cap{margin-top:8px}.elementor-widget-text-editor:not(.elementor-drop-cap-view-default) .elementor-drop-cap-letter{width:1em;height:1em}.elementor-widget-text-editor .elementor-drop-cap{float:left;text-align:center;line-height:1;font-size:50px}.elementor-widget-text-editor .elementor-drop-cap-letter{display:inline-block}<\/style>\t\t\t\t<div class=\"wpb_text_column wpb_content_element \">\n<div class=\"wpb_wrapper\">\n<p>La Vertical Arinsal \u00e9<span style=\"font-size: 16px;\">s la \u00faltima prova de la Comapedrosa Andorra. El recorregut&nbsp;vertical Comapedrosa \u00e9s molt especial per als participants, ja que es realitza integralment per la pista d\u2019esqu\u00ed, la qual cosa permet als esportistes donar el 100% sense que es generi cap interfer\u00e8ncia durant la progressi\u00f3. Aix\u00f2 la converteix en una cursa \u00fanica i molt atractiva tant per als corredors com per als espectadors de Comapedrosa Andorra World Cup.<\/span><\/p><p>El recorregut \u00e9s el mateix pels participants de la World Cup com de l&#8217;OPEN ANDORRA.&nbsp;<\/p>\n<\/div>\n<\/div>\t\t\t\t\t\t<\/div>\n\t\t\t\t<\/div>\n\t\t\t\t\t<\/div>\n\t\t<\/div>\n\t\t\t\t\t\t\t<\/div>\n\t\t<\/section>\n\t\t\t\t\t<\/div>\n\t\t<\/div>\n\t\t\t\t\t\t\t<\/div>\n\t\t<\/section>\n\t\t\t\t<section class=\"elementor-section elementor-top-section elementor-element elementor-element-b51a008 elementor-section-boxed elementor-section-height-default elementor-section-height-default\" data-id=\"b51a008\" data-element_type=\"section\">\n\t\t\t\t\t\t<div class=\"elementor-container elementor-column-gap-default\">\n\t\t\t\t\t<div class=\"elementor-column elementor-col-100 elementor-top-column elementor-element elementor-element-805ca4d\" data-id=\"805ca4d\" data-element_type=\"column\">\n\t\t\t<div class=\"elementor-widget-wrap elementor-element-populated\">\n\t\t\t\t\t\t\t\t<section class=\"elementor-section elementor-inner-section elementor-element elementor-element-6660642 elementor-section-boxed elementor-section-height-default elementor-section-height-default\" data-id=\"6660642\" data-element_type=\"section\">\n\t\t\t\t\t\t<div class=\"elementor-container elementor-column-gap-default\">\n\t\t\t\t\t<div class=\"elementor-column elementor-col-50 elementor-inner-column elementor-element elementor-element-ff7d1ac\" data-id=\"ff7d1ac\" data-element_type=\"column\">\n\t\t\t<div class=\"elementor-widget-wrap elementor-element-populated\">\n\t\t\t\t\t\t\t\t<div class=\"elementor-element elementor-element-054fd50 elementor-widget elementor-widget-heading\" data-id=\"054fd50\" data-element_type=\"widget\" data-widget_type=\"heading.default\">\n\t\t\t\t<div class=\"elementor-widget-container\">\n\t\t\t<style>\/*! elementor - v3.13.3 - 28-05-2023 *\/\n.elementor-heading-title{padding:0;margin:0;line-height:1}.elementor-widget-heading .elementor-heading-title[class*=elementor-size-]>a{color:inherit;font-size:inherit;line-height:inherit}.elementor-widget-heading .elementor-heading-title.elementor-size-small{font-size:15px}.elementor-widget-heading .elementor-heading-title.elementor-size-medium{font-size:19px}.elementor-widget-heading .elementor-heading-title.elementor-size-large{font-size:29px}.elementor-widget-heading .elementor-heading-title.elementor-size-xl{font-size:39px}.elementor-widget-heading .elementor-heading-title.elementor-size-xxl{font-size:59px}<\/style><h2 class=\"elementor-heading-title elementor-size-default\">Fotografia general<\/h2>\t\t<\/div>\n\t\t\t\t<\/div>\n\t\t\t\t<div class=\"elementor-element elementor-element-400f05e elementor-widget elementor-widget-image\" data-id=\"400f05e\" data-element_type=\"widget\" data-widget_type=\"image.default\">\n\t\t\t\t<div class=\"elementor-widget-container\">\n\t\t\t<style>\/*! elementor - v3.13.3 - 28-05-2023 *\/\n.elementor-widget-image{text-align:center}.elementor-widget-image a{display:inline-block}.elementor-widget-image a img[src$=\".svg\"]{width:48px}.elementor-widget-image img{vertical-align:middle;display:inline-block}<\/style>\t\t\t\t\t\t\t\t\t\t\t\t\t<a href=\"https:\/\/comapedrosaandorra.com\/wp-content\/uploads\/2022\/12\/CP2023-Vertical-Arinsal-foto_page-0001.jpg\" data-elementor-open-lightbox=\"yes\" data-elementor-lightbox-title=\"CP2023 Vertical Arinsal foto_page-0001\" data-e-action-hash=\"#elementor-action%3Aaction%3Dlightbox%26settings%3DeyJpZCI6ODM2NCwidXJsIjoiaHR0cHM6XC9cL2NvbWFwZWRyb3NhYW5kb3JyYS5jb21cL3dwLWNvbnRlbnRcL3VwbG9hZHNcLzIwMjJcLzEyXC9DUDIwMjMtVmVydGljYWwtQXJpbnNhbC1mb3RvX3BhZ2UtMDAwMS5qcGcifQ%3D%3D\">\n\t\t\t\t\t\t\t<img loading=\"lazy\" decoding=\"async\" width=\"724\" height=\"1024\" src=\"https:\/\/comapedrosaandorra.com\/wp-content\/uploads\/2022\/12\/CP2023-Vertical-Arinsal-foto_page-0001-724x1024.jpg\" class=\"attachment-large size-large wp-image-8364\" alt=\"\" srcset=\"https:\/\/comapedrosaandorra.com\/wp-content\/uploads\/2022\/12\/CP2023-Vertical-Arinsal-foto_page-0001-724x1024.jpg 724w, https:\/\/comapedrosaandorra.com\/wp-content\/uploads\/2022\/12\/CP2023-Vertical-Arinsal-foto_page-0001-212x300.jpg 212w, https:\/\/comapedrosaandorra.com\/wp-content\/uploads\/2022\/12\/CP2023-Vertical-Arinsal-foto_page-0001-768x1087.jpg 768w, https:\/\/comapedrosaandorra.com\/wp-content\/uploads\/2022\/12\/CP2023-Vertical-Arinsal-foto_page-0001-1085x1536.jpg 1085w, https:\/\/comapedrosaandorra.com\/wp-content\/uploads\/2022\/12\/CP2023-Vertical-Arinsal-foto_page-0001.jpg 1240w\" sizes=\"auto, (max-width: 724px) 100vw, 724px\" \/>\t\t\t\t\t\t\t\t<\/a>\n\t\t\t\t\t\t\t\t\t\t\t\t\t\t\t<\/div>\n\t\t\t\t<\/div>\n\t\t\t\t\t<\/div>\n\t\t<\/div>\n\t\t\t\t<div class=\"elementor-column elementor-col-50 elementor-inner-column elementor-element elementor-element-5b21b69\" data-id=\"5b21b69\" data-element_type=\"column\">\n\t\t\t<div class=\"elementor-widget-wrap elementor-element-populated\">\n\t\t\t\t\t\t\t\t<div class=\"elementor-element elementor-element-d2188c5 elementor-widget elementor-widget-heading\" data-id=\"d2188c5\" data-element_type=\"widget\" data-widget_type=\"heading.default\">\n\t\t\t\t<div class=\"elementor-widget-container\">\n\t\t\t<h2 class=\"elementor-heading-title elementor-size-default\">Mapa<\/h2>\t\t<\/div>\n\t\t\t\t<\/div>\n\t\t\t\t<div class=\"elementor-element elementor-element-05d7a7a elementor-widget elementor-widget-image\" data-id=\"05d7a7a\" data-element_type=\"widget\" data-widget_type=\"image.default\">\n\t\t\t\t<div class=\"elementor-widget-container\">\n\t\t\t\t\t\t\t\t\t\t\t\t\t\t\t\t<a href=\"https:\/\/comapedrosaandorra.com\/wp-content\/uploads\/2022\/12\/CP2023-Vertical-Arinsal-mapa_page-0001.jpg\" data-elementor-open-lightbox=\"yes\" data-elementor-lightbox-title=\"CP2023 Vertical Arinsal mapa_page-0001\" data-e-action-hash=\"#elementor-action%3Aaction%3Dlightbox%26settings%3DeyJpZCI6ODM2NiwidXJsIjoiaHR0cHM6XC9cL2NvbWFwZWRyb3NhYW5kb3JyYS5jb21cL3dwLWNvbnRlbnRcL3VwbG9hZHNcLzIwMjJcLzEyXC9DUDIwMjMtVmVydGljYWwtQXJpbnNhbC1tYXBhX3BhZ2UtMDAwMS5qcGcifQ%3D%3D\">\n\t\t\t\t\t\t\t<img loading=\"lazy\" decoding=\"async\" width=\"1024\" height=\"724\" src=\"https:\/\/comapedrosaandorra.com\/wp-content\/uploads\/2022\/12\/CP2023-Vertical-Arinsal-mapa_page-0001-1024x724.jpg\" class=\"attachment-large size-large wp-image-8366\" alt=\"\" srcset=\"https:\/\/comapedrosaandorra.com\/wp-content\/uploads\/2022\/12\/CP2023-Vertical-Arinsal-mapa_page-0001-1024x724.jpg 1024w, https:\/\/comapedrosaandorra.com\/wp-content\/uploads\/2022\/12\/CP2023-Vertical-Arinsal-mapa_page-0001-300x212.jpg 300w, https:\/\/comapedrosaandorra.com\/wp-content\/uploads\/2022\/12\/CP2023-Vertical-Arinsal-mapa_page-0001-768x543.jpg 768w, https:\/\/comapedrosaandorra.com\/wp-content\/uploads\/2022\/12\/CP2023-Vertical-Arinsal-mapa_page-0001-1536x1085.jpg 1536w, https:\/\/comapedrosaandorra.com\/wp-content\/uploads\/2022\/12\/CP2023-Vertical-Arinsal-mapa_page-0001.jpg 1755w\" sizes=\"auto, (max-width: 1024px) 100vw, 1024px\" \/>\t\t\t\t\t\t\t\t<\/a>\n\t\t\t\t\t\t\t\t\t\t\t\t\t\t\t<\/div>\n\t\t\t\t<\/div>\n\t\t\t\t\t<\/div>\n\t\t<\/div>\n\t\t\t\t\t\t\t<\/div>\n\t\t<\/section>\n\t\t\t\t\t<\/div>\n\t\t<\/div>\n\t\t\t\t\t\t\t<\/div>\n\t\t<\/section>\n\t\t\t\t\t\t\t<\/div>\n\t\t","protected":false},"excerpt":{"rendered":"<p>La Vertical Arinsal \u00e9s la \u00faltima prova de la Comapedrosa Andorra. El recorregut\u00a0vertical Comapedrosa \u00e9s molt especial per als participants, ja que es realitza integralment per la pista d\u2019esqu\u00ed, la qual cosa permet als esportistes donar el 100% sense que es generi cap interfer\u00e8ncia durant la progressi\u00f3. Aix\u00f2 la converteix en una cursa \u00fanica i [&hellip;]<\/p>\n","protected":false},"author":1,"featured_media":0,"parent":0,"menu_order":0,"comment_status":"closed","ping_status":"closed","template":"","meta":{"footnotes":""},"class_list":["post-10318","page","type-page","status-publish","hentry"],"yoast_head":"<!-- This site is optimized with the Yoast SEO plugin v26.4 - https:\/\/yoast.com\/wordpress\/plugins\/seo\/ -->\n<title>Recorregut Open Vertical - Comapedrosa Andorra<\/title>\n<meta name=\"description\" content=\"Descobreix el Recorregut de la Open Vertical Comapedrosa a Arinsal. Visualitza els recorreguts de la Open\" \/>\n<meta name=\"robots\" content=\"index, follow, max-snippet:-1, max-image-preview:large, max-video-preview:-1\" \/>\n<link rel=\"canonical\" href=\"https:\/\/comapedrosaandorra.com\/recorregut-open-vertical\/\" \/>\n<meta property=\"og:locale\" content=\"en_US\" \/>\n<meta property=\"og:type\" content=\"article\" \/>\n<meta property=\"og:title\" content=\"Recorregut Open Vertical - Comapedrosa Andorra\" \/>\n<meta property=\"og:description\" content=\"Descobreix el Recorregut de la Open Vertical Comapedrosa a Arinsal. Visualitza els recorreguts de la Open\" \/>\n<meta property=\"og:url\" content=\"https:\/\/comapedrosaandorra.com\/recorregut-open-vertical\/\" \/>\n<meta property=\"og:site_name\" content=\"Comapedrosa Andorra\" \/>\n<meta property=\"og:image\" content=\"https:\/\/comapedrosaandorra.com\/wp-content\/uploads\/2022\/12\/CP2023-Vertical-Arinsal-foto_page-0001-724x1024.jpg\" \/>\n<meta name=\"twitter:card\" content=\"summary_large_image\" \/>\n<meta name=\"twitter:label1\" content=\"Est. reading time\" \/>\n\t<meta name=\"twitter:data1\" content=\"1 minute\" \/>\n<script type=\"application\/ld+json\" class=\"yoast-schema-graph\">{\"@context\":\"https:\/\/schema.org\",\"@graph\":[{\"@type\":\"WebPage\",\"@id\":\"https:\/\/comapedrosaandorra.com\/recorregut-open-vertical\/\",\"url\":\"https:\/\/comapedrosaandorra.com\/recorregut-open-vertical\/\",\"name\":\"Recorregut Open Vertical - Comapedrosa Andorra\",\"isPartOf\":{\"@id\":\"https:\/\/comapedrosaandorra.com\/#website\"},\"primaryImageOfPage\":{\"@id\":\"https:\/\/comapedrosaandorra.com\/recorregut-open-vertical\/#primaryimage\"},\"image\":{\"@id\":\"https:\/\/comapedrosaandorra.com\/recorregut-open-vertical\/#primaryimage\"},\"thumbnailUrl\":\"https:\/\/comapedrosaandorra.com\/wp-content\/uploads\/2022\/12\/CP2023-Vertical-Arinsal-foto_page-0001-724x1024.jpg\",\"datePublished\":\"2022-12-27T11:19:12+00:00\",\"description\":\"Descobreix el Recorregut de la Open Vertical Comapedrosa a Arinsal. Visualitza els recorreguts de la Open\",\"breadcrumb\":{\"@id\":\"https:\/\/comapedrosaandorra.com\/recorregut-open-vertical\/#breadcrumb\"},\"inLanguage\":\"en-US\",\"potentialAction\":[{\"@type\":\"ReadAction\",\"target\":[\"https:\/\/comapedrosaandorra.com\/recorregut-open-vertical\/\"]}]},{\"@type\":\"ImageObject\",\"inLanguage\":\"en-US\",\"@id\":\"https:\/\/comapedrosaandorra.com\/recorregut-open-vertical\/#primaryimage\",\"url\":\"https:\/\/comapedrosaandorra.com\/wp-content\/uploads\/2022\/12\/CP2023-Vertical-Arinsal-foto_page-0001-724x1024.jpg\",\"contentUrl\":\"https:\/\/comapedrosaandorra.com\/wp-content\/uploads\/2022\/12\/CP2023-Vertical-Arinsal-foto_page-0001-724x1024.jpg\"},{\"@type\":\"BreadcrumbList\",\"@id\":\"https:\/\/comapedrosaandorra.com\/recorregut-open-vertical\/#breadcrumb\",\"itemListElement\":[{\"@type\":\"ListItem\",\"position\":1,\"name\":\"Inici\",\"item\":\"https:\/\/comapedrosaandorra.com\/\"},{\"@type\":\"ListItem\",\"position\":2,\"name\":\"Recorregut Open Vertical\"}]},{\"@type\":\"WebSite\",\"@id\":\"https:\/\/comapedrosaandorra.com\/#website\",\"url\":\"https:\/\/comapedrosaandorra.com\/\",\"name\":\"Comapedrosa Andorra\",\"description\":\"Copa del M\u00f3n d&#039;Esqu\u00ed de Muntanya Andorra\",\"publisher\":{\"@id\":\"https:\/\/comapedrosaandorra.com\/#organization\"},\"potentialAction\":[{\"@type\":\"SearchAction\",\"target\":{\"@type\":\"EntryPoint\",\"urlTemplate\":\"https:\/\/comapedrosaandorra.com\/?s={search_term_string}\"},\"query-input\":{\"@type\":\"PropertyValueSpecification\",\"valueRequired\":true,\"valueName\":\"search_term_string\"}}],\"inLanguage\":\"en-US\"},{\"@type\":\"Organization\",\"@id\":\"https:\/\/comapedrosaandorra.com\/#organization\",\"name\":\"Comapedrosa Andorra\",\"url\":\"https:\/\/comapedrosaandorra.com\/\",\"logo\":{\"@type\":\"ImageObject\",\"inLanguage\":\"en-US\",\"@id\":\"https:\/\/comapedrosaandorra.com\/#\/schema\/logo\/image\/\",\"url\":\"https:\/\/comapedrosaandorra.com\/wp-content\/uploads\/2021\/10\/cropped-Logo_ComapedrosaAndorraISMF.jpg\",\"contentUrl\":\"https:\/\/comapedrosaandorra.com\/wp-content\/uploads\/2021\/10\/cropped-Logo_ComapedrosaAndorraISMF.jpg\",\"width\":2256,\"height\":647,\"caption\":\"Comapedrosa Andorra\"},\"image\":{\"@id\":\"https:\/\/comapedrosaandorra.com\/#\/schema\/logo\/image\/\"}}]}<\/script>\n<!-- \/ Yoast SEO plugin. -->","yoast_head_json":{"title":"Recorregut Open Vertical - Comapedrosa Andorra","description":"Descobreix el Recorregut de la Open Vertical Comapedrosa a Arinsal. Visualitza els recorreguts de la Open","robots":{"index":"index","follow":"follow","max-snippet":"max-snippet:-1","max-image-preview":"max-image-preview:large","max-video-preview":"max-video-preview:-1"},"canonical":"https:\/\/comapedrosaandorra.com\/recorregut-open-vertical\/","og_locale":"en_US","og_type":"article","og_title":"Recorregut Open Vertical - Comapedrosa Andorra","og_description":"Descobreix el Recorregut de la Open Vertical Comapedrosa a Arinsal. Visualitza els recorreguts de la Open","og_url":"https:\/\/comapedrosaandorra.com\/recorregut-open-vertical\/","og_site_name":"Comapedrosa Andorra","og_image":[{"url":"https:\/\/comapedrosaandorra.com\/wp-content\/uploads\/2022\/12\/CP2023-Vertical-Arinsal-foto_page-0001-724x1024.jpg","type":"","width":"","height":""}],"twitter_card":"summary_large_image","twitter_misc":{"Est. reading time":"1 minute"},"schema":{"@context":"https:\/\/schema.org","@graph":[{"@type":"WebPage","@id":"https:\/\/comapedrosaandorra.com\/recorregut-open-vertical\/","url":"https:\/\/comapedrosaandorra.com\/recorregut-open-vertical\/","name":"Recorregut Open Vertical - Comapedrosa Andorra","isPartOf":{"@id":"https:\/\/comapedrosaandorra.com\/#website"},"primaryImageOfPage":{"@id":"https:\/\/comapedrosaandorra.com\/recorregut-open-vertical\/#primaryimage"},"image":{"@id":"https:\/\/comapedrosaandorra.com\/recorregut-open-vertical\/#primaryimage"},"thumbnailUrl":"https:\/\/comapedrosaandorra.com\/wp-content\/uploads\/2022\/12\/CP2023-Vertical-Arinsal-foto_page-0001-724x1024.jpg","datePublished":"2022-12-27T11:19:12+00:00","description":"Descobreix el Recorregut de la Open Vertical Comapedrosa a Arinsal. Visualitza els recorreguts de la Open","breadcrumb":{"@id":"https:\/\/comapedrosaandorra.com\/recorregut-open-vertical\/#breadcrumb"},"inLanguage":"en-US","potentialAction":[{"@type":"ReadAction","target":["https:\/\/comapedrosaandorra.com\/recorregut-open-vertical\/"]}]},{"@type":"ImageObject","inLanguage":"en-US","@id":"https:\/\/comapedrosaandorra.com\/recorregut-open-vertical\/#primaryimage","url":"https:\/\/comapedrosaandorra.com\/wp-content\/uploads\/2022\/12\/CP2023-Vertical-Arinsal-foto_page-0001-724x1024.jpg","contentUrl":"https:\/\/comapedrosaandorra.com\/wp-content\/uploads\/2022\/12\/CP2023-Vertical-Arinsal-foto_page-0001-724x1024.jpg"},{"@type":"BreadcrumbList","@id":"https:\/\/comapedrosaandorra.com\/recorregut-open-vertical\/#breadcrumb","itemListElement":[{"@type":"ListItem","position":1,"name":"Inici","item":"https:\/\/comapedrosaandorra.com\/"},{"@type":"ListItem","position":2,"name":"Recorregut Open Vertical"}]},{"@type":"WebSite","@id":"https:\/\/comapedrosaandorra.com\/#website","url":"https:\/\/comapedrosaandorra.com\/","name":"Comapedrosa Andorra","description":"Copa del M\u00f3n d&#039;Esqu\u00ed de Muntanya Andorra","publisher":{"@id":"https:\/\/comapedrosaandorra.com\/#organization"},"potentialAction":[{"@type":"SearchAction","target":{"@type":"EntryPoint","urlTemplate":"https:\/\/comapedrosaandorra.com\/?s={search_term_string}"},"query-input":{"@type":"PropertyValueSpecification","valueRequired":true,"valueName":"search_term_string"}}],"inLanguage":"en-US"},{"@type":"Organization","@id":"https:\/\/comapedrosaandorra.com\/#organization","name":"Comapedrosa Andorra","url":"https:\/\/comapedrosaandorra.com\/","logo":{"@type":"ImageObject","inLanguage":"en-US","@id":"https:\/\/comapedrosaandorra.com\/#\/schema\/logo\/image\/","url":"https:\/\/comapedrosaandorra.com\/wp-content\/uploads\/2021\/10\/cropped-Logo_ComapedrosaAndorraISMF.jpg","contentUrl":"https:\/\/comapedrosaandorra.com\/wp-content\/uploads\/2021\/10\/cropped-Logo_ComapedrosaAndorraISMF.jpg","width":2256,"height":647,"caption":"Comapedrosa Andorra"},"image":{"@id":"https:\/\/comapedrosaandorra.com\/#\/schema\/logo\/image\/"}}]}},"_links":{"self":[{"href":"https:\/\/comapedrosaandorra.com\/en\/wp-json\/wp\/v2\/pages\/10318","targetHints":{"allow":["GET"]}}],"collection":[{"href":"https:\/\/comapedrosaandorra.com\/en\/wp-json\/wp\/v2\/pages"}],"about":[{"href":"https:\/\/comapedrosaandorra.com\/en\/wp-json\/wp\/v2\/types\/page"}],"author":[{"embeddable":true,"href":"https:\/\/comapedrosaandorra.com\/en\/wp-json\/wp\/v2\/users\/1"}],"replies":[{"embeddable":true,"href":"https:\/\/comapedrosaandorra.com\/en\/wp-json\/wp\/v2\/comments?post=10318"}],"version-history":[{"count":0,"href":"https:\/\/comapedrosaandorra.com\/en\/wp-json\/wp\/v2\/pages\/10318\/revisions"}],"wp:attachment":[{"href":"https:\/\/comapedrosaandorra.com\/en\/wp-json\/wp\/v2\/media?parent=10318"}],"curies":[{"name":"wp","href":"https:\/\/api.w.org\/{rel}","templated":true}]}}